{"id":39,"date":"2025-01-01T21:12:22","date_gmt":"2025-01-01T21:12:22","guid":{"rendered":"https:\/\/pcelasaoklagijom.com\/?page_id=39"},"modified":"2025-01-04T00:00:17","modified_gmt":"2025-01-04T00:00:17","slug":"pocetna","status":"publish","type":"page","link":"https:\/\/pcelasaoklagijom.com\/","title":{"rendered":"Po\u010detna"},"content":{"rendered":"\n<h2 class=\"wp-block-heading\">Dobrodo\u0161li , hajde da zajedno kuvamo, \u010ditamo i putujemo !<\/h2>\n\n\n\n<p><em>Verovali ili ne, ovaj sajt prvobitno je nastao pre nekoliko godina ali sam zbog haosa na poslu zaboravila da obnovim domen blagovremeno te je isti bio neko vreme uga\u0161en.<\/em> <em>Sre\u0107om materijal koji sam godinama skupljala za objave je sa\u010duvan pa hajde da po\u010dnemo iznova.<\/em><\/p>\n\n\n\n<h3 class=\"wp-block-heading\">Pre svega da se upoznamo<\/h3>\n\n\n<div class=\"wp-block-image\">\n<figure class=\"alignleft size-large is-resized\"><img loading=\"lazy\" decoding=\"async\" width=\"768\" height=\"1024\" src=\"https:\/\/pcelasaoklagijom.com\/wp-content\/uploads\/2025\/01\/IMG_4136-1-768x1024.jpeg\" alt=\"\" class=\"wp-image-67\" style=\"width:335px;height:auto\" srcset=\"https:\/\/pcelasaoklagijom.com\/wp-content\/uploads\/2025\/01\/IMG_4136-1-768x1024.jpeg 768w, https:\/\/pcelasaoklagijom.com\/wp-content\/uploads\/2025\/01\/IMG_4136-1-225x300.jpeg 225w, https:\/\/pcelasaoklagijom.com\/wp-content\/uploads\/2025\/01\/IMG_4136-1-1152x1536.jpeg 1152w, https:\/\/pcelasaoklagijom.com\/wp-content\/uploads\/2025\/01\/IMG_4136-1.jpeg 1536w\" sizes=\"auto, (max-width: 768px) 100vw, 768px\" \/><\/figure>\n<\/div>\n\n\n<p>Zovem se Maja Todorovi\u0107 i vodi\u0107u vas kroz ovu stranicu.<\/p>\n\n\n\n<p>Odrasla sam u porodici me\u0161anih korena pa \u0107ete tako ovde mo\u0107i da vidite miks makedonske,srpske,vojvodjanske i dalmatinske kuhinje. Svemu tome doda\u0107u i svoje recepte ,nastale igranjem u kuhinji ,ali i upoznavanjem drugih kultura. Potrudi\u0107u se da vam pribli\u017eim i rusku kuhinju, ili bar onoliko koliko sam uspela da savladam za period \u017eivota u Rusiji. Pisa\u0107u vam i o svojim zapa\u017eanjima na putovanjima, o razli\u010ditim obi\u010dajima kada je hrana u pitanju. <\/p>\n\n\n\n<p>Iako je tempo dana\u0161njice dosta u\u017eurban trudim se da na\u0111em vremena da suprugu,sebi i deci \u0161to \u010de\u0161\u0107e uga\u0111am. Trudim se da decu nau\u010dim da jedu kuvano i da se hrane \u0161to raznovrsnije i da ve\u0107inu onih jela na koje smo se i mi kao mali mr\u0161tili spremim \u0161to ukusnije. Ne sti\u017eem da kuvam svakog dana, pa \u0107ete ovde naleteti i na dosta ru\u010dkova kuvanih unapred i za dva dana jer nekad mora i da se \u0161eta i odmara \ud83d\ude42 <\/p>\n\n\n\n<h4 class=\"wp-block-heading\">Javite utiske !<\/h4>\n\n\n\n<p>Ako budete spremali neko od jela sa ove stranice ili pro\u010ditate neku knjigu po mojoj preporuci pi\u0161ite mi obavezno. Ostavite komentar ili po\u0161aljite mail na pcelasaoklagijom@hotmail.com , volela bih da \u010dujem povratne informacije. <\/p>\n\n\n\n<p>Va\u0161a Maja<\/p>\n","protected":false},"excerpt":{"rendered":"<p>Dobrodo\u0161li , hajde da zajedno kuvamo, \u010ditamo i putujemo ! Verovali ili ne, ovaj sajt &hellip; <\/p>\n","protected":false},"author":1,"featured_media":0,"parent":0,"menu_order":0,"comment_status":"closed","ping_status":"closed","template":"","meta":{"_monsterinsights_skip_tracking":false,"_monsterinsights_sitenote_active":false,"_monsterinsights_sitenote_note":"","_monsterinsights_sitenote_category":0,"footnotes":""},"class_list":["post-39","page","type-page","status-publish","hentry","latest_post"],"yoast_head":"<!-- This site is optimized with the Yoast SEO plugin v26.1.1 - https:\/\/yoast.com\/wordpress\/plugins\/seo\/ -->\n<title>Po\u010detna - pcelasaoklagijom<\/title>\n<meta name=\"description\" content=\"Ne mora\u0161 biti profi kuvar da bi skuvao ru\u010dak.Isprati recepte i spremi sebi i svojima preukusne poslastice i gozbe. Pssst ima i onih na brzinu!\" \/>\n<meta name=\"robots\" content=\"index, follow, max-snippet:-1, max-image-preview:large, max-video-preview:-1\" \/>\n<link rel=\"canonical\" href=\"https:\/\/pcelasaoklagijom.com\/\" \/>\n<meta property=\"og:locale\" content=\"en_US\" \/>\n<meta property=\"og:type\" content=\"article\" \/>\n<meta property=\"og:title\" content=\"Po\u010detna - pcelasaoklagijom\" \/>\n<meta property=\"og:description\" content=\"Ne mora\u0161 biti profi kuvar da bi skuvao ru\u010dak.Isprati recepte i spremi sebi i svojima preukusne poslastice i gozbe. Pssst ima i onih na brzinu!\" \/>\n<meta property=\"og:url\" content=\"https:\/\/pcelasaoklagijom.com\/\" \/>\n<meta property=\"og:site_name\" content=\"pcelasaoklagijom\" \/>\n<meta property=\"article:modified_time\" content=\"2025-01-04T00:00:17+00:00\" \/>\n<meta property=\"og:image\" content=\"https:\/\/pcelasaoklagijom.com\/wp-content\/uploads\/2025\/01\/IMG_4136-1.jpeg\" \/>\n\t<meta property=\"og:image:width\" content=\"1536\" \/>\n\t<meta property=\"og:image:height\" content=\"2048\" \/>\n\t<meta property=\"og:image:type\" content=\"image\/jpeg\" \/>\n<meta name=\"twitter:card\" content=\"summary_large_image\" \/>\n<meta name=\"twitter:label1\" content=\"Est. reading time\" \/>\n\t<meta name=\"twitter:data1\" content=\"2 minutes\" \/>\n<script type=\"application\/ld+json\" class=\"yoast-schema-graph\">{\"@context\":\"https:\/\/schema.org\",\"@graph\":[{\"@type\":\"WebPage\",\"@id\":\"https:\/\/pcelasaoklagijom.com\/\",\"url\":\"https:\/\/pcelasaoklagijom.com\/\",\"name\":\"Po\u010detna - pcelasaoklagijom\",\"isPartOf\":{\"@id\":\"http:\/\/pcelasaoklagijom.com\/#website\"},\"primaryImageOfPage\":{\"@id\":\"https:\/\/pcelasaoklagijom.com\/#primaryimage\"},\"image\":{\"@id\":\"https:\/\/pcelasaoklagijom.com\/#primaryimage\"},\"thumbnailUrl\":\"https:\/\/pcelasaoklagijom.com\/wp-content\/uploads\/2025\/01\/IMG_4136-1-768x1024.jpeg\",\"datePublished\":\"2025-01-01T21:12:22+00:00\",\"dateModified\":\"2025-01-04T00:00:17+00:00\",\"description\":\"Ne mora\u0161 biti profi kuvar da bi skuvao ru\u010dak.Isprati recepte i spremi sebi i svojima preukusne poslastice i gozbe. Pssst ima i onih na brzinu!\",\"breadcrumb\":{\"@id\":\"https:\/\/pcelasaoklagijom.com\/#breadcrumb\"},\"inLanguage\":\"en-US\",\"potentialAction\":[{\"@type\":\"ReadAction\",\"target\":[\"https:\/\/pcelasaoklagijom.com\/\"]}]},{\"@type\":\"ImageObject\",\"inLanguage\":\"en-US\",\"@id\":\"https:\/\/pcelasaoklagijom.com\/#primaryimage\",\"url\":\"https:\/\/pcelasaoklagijom.com\/wp-content\/uploads\/2025\/01\/IMG_4136-1.jpeg\",\"contentUrl\":\"https:\/\/pcelasaoklagijom.com\/wp-content\/uploads\/2025\/01\/IMG_4136-1.jpeg\",\"width\":1536,\"height\":2048},{\"@type\":\"BreadcrumbList\",\"@id\":\"https:\/\/pcelasaoklagijom.com\/#breadcrumb\",\"itemListElement\":[{\"@type\":\"ListItem\",\"position\":1,\"name\":\"Home\",\"item\":\"https:\/\/pcelasaoklagijom.com\/\"},{\"@type\":\"ListItem\",\"position\":2,\"name\":\"Po\u010detna\"}]},{\"@type\":\"WebSite\",\"@id\":\"http:\/\/pcelasaoklagijom.com\/#website\",\"url\":\"http:\/\/pcelasaoklagijom.com\/\",\"name\":\"pcelasaoklagijom\",\"description\":\"Pridru\u017eite mi se da zajedno kuvamo, \u010ditamo i putujemo.\",\"potentialAction\":[{\"@type\":\"SearchAction\",\"target\":{\"@type\":\"EntryPoint\",\"urlTemplate\":\"http:\/\/pcelasaoklagijom.com\/?s={search_term_string}\"},\"query-input\":{\"@type\":\"PropertyValueSpecification\",\"valueRequired\":true,\"valueName\":\"search_term_string\"}}],\"inLanguage\":\"en-US\"}]}<\/script>\n<!-- \/ Yoast SEO plugin. -->","yoast_head_json":{"title":"Po\u010detna - pcelasaoklagijom","description":"Ne mora\u0161 biti profi kuvar da bi skuvao ru\u010dak.Isprati recepte i spremi sebi i svojima preukusne poslastice i gozbe. Pssst ima i onih na brzinu!","robots":{"index":"index","follow":"follow","max-snippet":"max-snippet:-1","max-image-preview":"max-image-preview:large","max-video-preview":"max-video-preview:-1"},"canonical":"https:\/\/pcelasaoklagijom.com\/","og_locale":"en_US","og_type":"article","og_title":"Po\u010detna - pcelasaoklagijom","og_description":"Ne mora\u0161 biti profi kuvar da bi skuvao ru\u010dak.Isprati recepte i spremi sebi i svojima preukusne poslastice i gozbe. Pssst ima i onih na brzinu!","og_url":"https:\/\/pcelasaoklagijom.com\/","og_site_name":"pcelasaoklagijom","article_modified_time":"2025-01-04T00:00:17+00:00","og_image":[{"width":1536,"height":2048,"url":"https:\/\/pcelasaoklagijom.com\/wp-content\/uploads\/2025\/01\/IMG_4136-1.jpeg","type":"image\/jpeg"}],"twitter_card":"summary_large_image","twitter_misc":{"Est. reading time":"2 minutes"},"schema":{"@context":"https:\/\/schema.org","@graph":[{"@type":"WebPage","@id":"https:\/\/pcelasaoklagijom.com\/","url":"https:\/\/pcelasaoklagijom.com\/","name":"Po\u010detna - pcelasaoklagijom","isPartOf":{"@id":"http:\/\/pcelasaoklagijom.com\/#website"},"primaryImageOfPage":{"@id":"https:\/\/pcelasaoklagijom.com\/#primaryimage"},"image":{"@id":"https:\/\/pcelasaoklagijom.com\/#primaryimage"},"thumbnailUrl":"https:\/\/pcelasaoklagijom.com\/wp-content\/uploads\/2025\/01\/IMG_4136-1-768x1024.jpeg","datePublished":"2025-01-01T21:12:22+00:00","dateModified":"2025-01-04T00:00:17+00:00","description":"Ne mora\u0161 biti profi kuvar da bi skuvao ru\u010dak.Isprati recepte i spremi sebi i svojima preukusne poslastice i gozbe. Pssst ima i onih na brzinu!","breadcrumb":{"@id":"https:\/\/pcelasaoklagijom.com\/#breadcrumb"},"inLanguage":"en-US","potentialAction":[{"@type":"ReadAction","target":["https:\/\/pcelasaoklagijom.com\/"]}]},{"@type":"ImageObject","inLanguage":"en-US","@id":"https:\/\/pcelasaoklagijom.com\/#primaryimage","url":"https:\/\/pcelasaoklagijom.com\/wp-content\/uploads\/2025\/01\/IMG_4136-1.jpeg","contentUrl":"https:\/\/pcelasaoklagijom.com\/wp-content\/uploads\/2025\/01\/IMG_4136-1.jpeg","width":1536,"height":2048},{"@type":"BreadcrumbList","@id":"https:\/\/pcelasaoklagijom.com\/#breadcrumb","itemListElement":[{"@type":"ListItem","position":1,"name":"Home","item":"https:\/\/pcelasaoklagijom.com\/"},{"@type":"ListItem","position":2,"name":"Po\u010detna"}]},{"@type":"WebSite","@id":"http:\/\/pcelasaoklagijom.com\/#website","url":"http:\/\/pcelasaoklagijom.com\/","name":"pcelasaoklagijom","description":"Pridru\u017eite mi se da zajedno kuvamo, \u010ditamo i putujemo.","potentialAction":[{"@type":"SearchAction","target":{"@type":"EntryPoint","urlTemplate":"http:\/\/pcelasaoklagijom.com\/?s={search_term_string}"},"query-input":{"@type":"PropertyValueSpecification","valueRequired":true,"valueName":"search_term_string"}}],"inLanguage":"en-US"}]}},"_links":{"self":[{"href":"https:\/\/pcelasaoklagijom.com\/index.php?rest_route=\/wp\/v2\/pages\/39","targetHints":{"allow":["GET"]}}],"collection":[{"href":"https:\/\/pcelasaoklagijom.com\/index.php?rest_route=\/wp\/v2\/pages"}],"about":[{"href":"https:\/\/pcelasaoklagijom.com\/index.php?rest_route=\/wp\/v2\/types\/page"}],"author":[{"embeddable":true,"href":"https:\/\/pcelasaoklagijom.com\/index.php?rest_route=\/wp\/v2\/users\/1"}],"replies":[{"embeddable":true,"href":"https:\/\/pcelasaoklagijom.com\/index.php?rest_route=%2Fwp%2Fv2%2Fcomments&post=39"}],"version-history":[{"count":4,"href":"https:\/\/pcelasaoklagijom.com\/index.php?rest_route=\/wp\/v2\/pages\/39\/revisions"}],"predecessor-version":[{"id":69,"href":"https:\/\/pcelasaoklagijom.com\/index.php?rest_route=\/wp\/v2\/pages\/39\/revisions\/69"}],"wp:attachment":[{"href":"https:\/\/pcelasaoklagijom.com\/index.php?rest_route=%2Fwp%2Fv2%2Fmedia&parent=39"}],"curies":[{"name":"wp","href":"https:\/\/api.w.org\/{rel}","templated":true}]}}